{"id":930,"date":"2022-11-29T01:38:13","date_gmt":"2022-11-29T01:38:13","guid":{"rendered":"https:\/\/staging.plenoil.pt\/?page_id=930"},"modified":"2022-11-29T14:40:32","modified_gmt":"2022-11-29T14:40:32","slug":"politica-de-calidad-y-medioambiente","status":"publish","type":"page","link":"https:\/\/plenergy.pt\/es\/politica-de-calidad-y-medioambiente\/","title":{"rendered":"Pol\u00edtica de calidad y medioambiente"},"content":{"rendered":"\t\t<div data-elementor-type=\"wp-page\" data-elementor-id=\"930\" class=\"elementor elementor-930\" data-elementor-post-type=\"page\">\n\t\t\t\t\t\t<section class=\"elementor-section elementor-top-section elementor-element elementor-element-f29ad57 elementor-section-boxed elementor-section-height-default elementor-section-height-default\" data-id=\"f29ad57\" data-element_type=\"section\" data-e-type=\"section\">\n\t\t\t\t\t\t<div class=\"elementor-container elementor-column-gap-no\">\n\t\t\t\t\t<div class=\"elementor-column elementor-col-100 elementor-top-column elementor-element elementor-element-d66a426\" data-id=\"d66a426\" data-element_type=\"column\" data-e-type=\"column\">\n\t\t\t<div class=\"elementor-widget-wrap elementor-element-populated\">\n\t\t\t\t\t\t<div class=\"elementor-element elementor-element-1d830c7 elementor-widget elementor-widget-spacer\" data-id=\"1d830c7\" data-element_type=\"widget\" data-e-type=\"widget\" data-widget_type=\"spacer.default\">\n\t\t\t\t<div class=\"elementor-widget-container\">\n\t\t\t\t\t\t\t<div class=\"elementor-spacer\">\n\t\t\t<div class=\"elementor-spacer-inner\"><\/div>\n\t\t<\/div>\n\t\t\t\t\t\t<\/div>\n\t\t\t\t<\/div>\n\t\t\t\t<div class=\"elementor-element elementor-element-f7809c7 elementor-widget elementor-widget-heading\" data-id=\"f7809c7\" data-element_type=\"widget\" data-e-type=\"widget\" data-widget_type=\"heading.default\">\n\t\t\t\t<div class=\"elementor-widget-container\">\n\t\t\t\t\t<h2 class=\"elementor-heading-title elementor-size-default\">Pol\u00edtica de calidad y medioambiente<\/h2>\t\t\t\t<\/div>\n\t\t\t\t<\/div>\n\t\t\t\t<div class=\"elementor-element elementor-element-2847858 elementor-widget elementor-widget-spacer\" data-id=\"2847858\" data-element_type=\"widget\" data-e-type=\"widget\" data-widget_type=\"spacer.default\">\n\t\t\t\t<div class=\"elementor-widget-container\">\n\t\t\t\t\t\t\t<div class=\"elementor-spacer\">\n\t\t\t<div class=\"elementor-spacer-inner\"><\/div>\n\t\t<\/div>\n\t\t\t\t\t\t<\/div>\n\t\t\t\t<\/div>\n\t\t\t\t<div class=\"elementor-element elementor-element-03fbc51 elementor-widget elementor-widget-text-editor\" data-id=\"03fbc51\" data-element_type=\"widget\" data-e-type=\"widget\" data-widget_type=\"text-editor.default\">\n\t\t\t\t<div class=\"elementor-widget-container\">\n\t\t\t\t\t\t\t\t\t<p><span style=\"color: #ff6600;\"><strong>PLENOIL<\/strong><\/span>, en su actividad de\u00a0<span style=\"color: #ff6600;\"><strong>venta de combustible al por menor<\/strong><\/span>, asume su compromiso con la calidad seg\u00fan los est\u00e1ndares de la ISO 9001:2015 y conoce la importancia de integrar como variable esencial de su actividad el respeto y la protecci\u00f3n al medio ambiente en el desarrollo de sus actividades seg\u00fan ISO 14001: 2015. Por ello, nuestra organizaci\u00f3n establece los siguientes principios:<\/p><ul><li><em>Compromiso de cumplimiento de los requisitos legales y otros requisitos que la organizaci\u00f3n suscriba adem\u00e1s de los requisitos aplicables adquiridos con los clientes.<\/em><\/li><li><em>Compromiso de mejora continua del Sistema de Gesti\u00f3n para conseguir la mejora de nuestro desempe\u00f1o ambiental y nuestros procesos de gesti\u00f3n de calidad.<\/em><\/li><li><em>Protecci\u00f3n del medio ambiente incluyendo la prevenci\u00f3n de la contaminaci\u00f3n mediante la aplicaci\u00f3n de criterios de eficiencia en consumos de recursos naturales, vertidos, emisiones y generaci\u00f3n de residuos por el desarrollo de nuestras actividades, as\u00ed como otros impactos que nuestra actividad pudiera producir sobre el medio ambiente en la medida que sea t\u00e9cnica y econ\u00f3micamente viable<\/em><\/li><li><em>Colaborar con nuestros proveedores con el fin de mejorar sus actuaciones medioambientales, que repercutan en una mayor eficiencia ambiental de nuestra actividad.<\/em><\/li><li><em>Compromiso de di\u00e1logo abierto y cordial con los diferentes entes administrativos, as\u00ed como vecinos y otros grupos de interesados en nuestras actividades.<\/em><\/li><li><em>Garantizar el correcto estado de las instalaciones y el equipamiento adecuado de forma tal que est\u00e9n en correspondencia con la actividad, objetivos y metas de la empresa.<\/em><\/li><\/ul><p><em>Estos principios son asumidos por La Direcci\u00f3n quien dispone los medios necesarios y dota a sus empleados de los recursos suficientes para su cumplimiento, plasm\u00e1ndolos y poni\u00e9ndolos en p\u00fablico conocimiento a trav\u00e9s de la presente Pol\u00edtica de Calidad y Medioambiente.<\/em><\/p><p style=\"text-align: right;\"><em>En Madrid, a 09 de abril de 2020<\/em><\/p><p style=\"text-align: right;\"><em>Direcci\u00f3n<\/em><\/p><p style=\"text-align: right;\"><em>Rev. 0<\/em><\/p>\t\t\t\t\t\t\t\t<\/div>\n\t\t\t\t<\/div>\n\t\t\t\t<div class=\"elementor-element elementor-element-a1c3bd0 elementor-widget elementor-widget-spacer\" data-id=\"a1c3bd0\" data-element_type=\"widget\" data-e-type=\"widget\" data-widget_type=\"spacer.default\">\n\t\t\t\t<div class=\"elementor-widget-container\">\n\t\t\t\t\t\t\t<div class=\"elementor-spacer\">\n\t\t\t<div class=\"elementor-spacer-inner\"><\/div>\n\t\t<\/div>\n\t\t\t\t\t\t<\/div>\n\t\t\t\t<\/div>\n\t\t\t\t\t<\/div>\n\t\t<\/div>\n\t\t\t\t\t<\/div>\n\t\t<\/section>\n\t\t\t\t<\/div>\n\t\t","protected":false},"excerpt":{"rendered":"<p>Pol\u00edtica de calidad y medioambiente PLENOIL, en su actividad de\u00a0venta de combustible al por menor, asume su compromiso con la calidad seg\u00fan los est\u00e1ndares de la ISO 9001:2015 y conoce la importancia de integrar como variable esencial de su actividad el respeto y la protecci\u00f3n al medio ambiente en el desarrollo de sus actividades seg\u00fan [&hellip;]<\/p>\n","protected":false},"author":1,"featured_media":0,"parent":0,"menu_order":0,"comment_status":"closed","ping_status":"open","template":"","meta":{"footnotes":""},"class_list":["post-930","page","type-page","status-publish","hentry"],"yoast_head":"<!-- This site is optimized with the Yoast SEO plugin v26.9 - https:\/\/yoast.com\/product\/yoast-seo-wordpress\/ -->\n<title>Pol\u00edtica de calidad y medioambiente - Plenergy esta\u00e7\u00f5es de servi\u00e7o<\/title>\n<meta name=\"robots\" content=\"index, follow, max-snippet:-1, max-image-preview:large, max-video-preview:-1\" \/>\n<link rel=\"canonical\" href=\"https:\/\/plenergy.pt\/es\/politica-de-calidad-y-medioambiente\/\" \/>\n<meta property=\"og:locale\" content=\"es_ES\" \/>\n<meta property=\"og:type\" content=\"article\" \/>\n<meta property=\"og:title\" content=\"Pol\u00edtica de calidad y medioambiente - Plenergy esta\u00e7\u00f5es de servi\u00e7o\" \/>\n<meta property=\"og:description\" content=\"Pol\u00edtica de calidad y medioambiente PLENOIL, en su actividad de\u00a0venta de combustible al por menor, asume su compromiso con la calidad seg\u00fan los est\u00e1ndares de la ISO 9001:2015 y conoce la importancia de integrar como variable esencial de su actividad el respeto y la protecci\u00f3n al medio ambiente en el desarrollo de sus actividades seg\u00fan [&hellip;]\" \/>\n<meta property=\"og:url\" content=\"https:\/\/plenergy.pt\/es\/politica-de-calidad-y-medioambiente\/\" \/>\n<meta property=\"og:site_name\" content=\"Plenergy esta\u00e7\u00f5es de servi\u00e7o\" \/>\n<meta property=\"article:modified_time\" content=\"2022-11-29T14:40:32+00:00\" \/>\n<meta name=\"twitter:card\" content=\"summary_large_image\" \/>\n<meta name=\"twitter:label1\" content=\"Tiempo de lectura\" \/>\n\t<meta name=\"twitter:data1\" content=\"2 minutos\" \/>\n<script type=\"application\/ld+json\" class=\"yoast-schema-graph\">{\"@context\":\"https:\/\/schema.org\",\"@graph\":[{\"@type\":\"WebPage\",\"@id\":\"https:\/\/plenergy.pt\/es\/politica-de-calidad-y-medioambiente\/\",\"url\":\"https:\/\/plenergy.pt\/es\/politica-de-calidad-y-medioambiente\/\",\"name\":\"Pol\u00edtica de calidad y medioambiente - Plenergy esta\u00e7\u00f5es de servi\u00e7o\",\"isPartOf\":{\"@id\":\"https:\/\/plenergy.pt\/es\/#website\"},\"datePublished\":\"2022-11-29T01:38:13+00:00\",\"dateModified\":\"2022-11-29T14:40:32+00:00\",\"inLanguage\":\"es\",\"potentialAction\":[{\"@type\":\"ReadAction\",\"target\":[\"https:\/\/plenergy.pt\/es\/politica-de-calidad-y-medioambiente\/\"]}]},{\"@type\":\"WebSite\",\"@id\":\"https:\/\/plenergy.pt\/es\/#website\",\"url\":\"https:\/\/plenergy.pt\/es\/\",\"name\":\"Plenergy esta\u00e7\u00f5es de servi\u00e7o\",\"description\":\"Mover-se assim d\u00e1 gosto\",\"publisher\":{\"@id\":\"https:\/\/plenergy.pt\/es\/#organization\"},\"potentialAction\":[{\"@type\":\"SearchAction\",\"target\":{\"@type\":\"EntryPoint\",\"urlTemplate\":\"https:\/\/plenergy.pt\/es\/?s={search_term_string}\"},\"query-input\":{\"@type\":\"PropertyValueSpecification\",\"valueRequired\":true,\"valueName\":\"search_term_string\"}}],\"inLanguage\":\"es\"},{\"@type\":\"Organization\",\"@id\":\"https:\/\/plenergy.pt\/es\/#organization\",\"name\":\"Plenergy esta\u00e7\u00f5es de servi\u00e7o\",\"url\":\"https:\/\/plenergy.pt\/es\/\",\"logo\":{\"@type\":\"ImageObject\",\"inLanguage\":\"es\",\"@id\":\"https:\/\/plenergy.pt\/es\/#\/schema\/logo\/image\/\",\"url\":\"https:\/\/plenergy.pt\/wp-content\/uploads\/2024\/12\/Plenergy.png\",\"contentUrl\":\"https:\/\/plenergy.pt\/wp-content\/uploads\/2024\/12\/Plenergy.png\",\"width\":418,\"height\":84,\"caption\":\"Plenergy esta\u00e7\u00f5es de servi\u00e7o\"},\"image\":{\"@id\":\"https:\/\/plenergy.pt\/es\/#\/schema\/logo\/image\/\"}}]}<\/script>\n<!-- \/ Yoast SEO plugin. -->","yoast_head_json":{"title":"Pol\u00edtica de calidad y medioambiente - Plenergy esta\u00e7\u00f5es de servi\u00e7o","robots":{"index":"index","follow":"follow","max-snippet":"max-snippet:-1","max-image-preview":"max-image-preview:large","max-video-preview":"max-video-preview:-1"},"canonical":"https:\/\/plenergy.pt\/es\/politica-de-calidad-y-medioambiente\/","og_locale":"es_ES","og_type":"article","og_title":"Pol\u00edtica de calidad y medioambiente - Plenergy esta\u00e7\u00f5es de servi\u00e7o","og_description":"Pol\u00edtica de calidad y medioambiente PLENOIL, en su actividad de\u00a0venta de combustible al por menor, asume su compromiso con la calidad seg\u00fan los est\u00e1ndares de la ISO 9001:2015 y conoce la importancia de integrar como variable esencial de su actividad el respeto y la protecci\u00f3n al medio ambiente en el desarrollo de sus actividades seg\u00fan [&hellip;]","og_url":"https:\/\/plenergy.pt\/es\/politica-de-calidad-y-medioambiente\/","og_site_name":"Plenergy esta\u00e7\u00f5es de servi\u00e7o","article_modified_time":"2022-11-29T14:40:32+00:00","twitter_card":"summary_large_image","twitter_misc":{"Tiempo de lectura":"2 minutos"},"schema":{"@context":"https:\/\/schema.org","@graph":[{"@type":"WebPage","@id":"https:\/\/plenergy.pt\/es\/politica-de-calidad-y-medioambiente\/","url":"https:\/\/plenergy.pt\/es\/politica-de-calidad-y-medioambiente\/","name":"Pol\u00edtica de calidad y medioambiente - Plenergy esta\u00e7\u00f5es de servi\u00e7o","isPartOf":{"@id":"https:\/\/plenergy.pt\/es\/#website"},"datePublished":"2022-11-29T01:38:13+00:00","dateModified":"2022-11-29T14:40:32+00:00","inLanguage":"es","potentialAction":[{"@type":"ReadAction","target":["https:\/\/plenergy.pt\/es\/politica-de-calidad-y-medioambiente\/"]}]},{"@type":"WebSite","@id":"https:\/\/plenergy.pt\/es\/#website","url":"https:\/\/plenergy.pt\/es\/","name":"Plenergy esta\u00e7\u00f5es de servi\u00e7o","description":"Mover-se assim d\u00e1 gosto","publisher":{"@id":"https:\/\/plenergy.pt\/es\/#organization"},"potentialAction":[{"@type":"SearchAction","target":{"@type":"EntryPoint","urlTemplate":"https:\/\/plenergy.pt\/es\/?s={search_term_string}"},"query-input":{"@type":"PropertyValueSpecification","valueRequired":true,"valueName":"search_term_string"}}],"inLanguage":"es"},{"@type":"Organization","@id":"https:\/\/plenergy.pt\/es\/#organization","name":"Plenergy esta\u00e7\u00f5es de servi\u00e7o","url":"https:\/\/plenergy.pt\/es\/","logo":{"@type":"ImageObject","inLanguage":"es","@id":"https:\/\/plenergy.pt\/es\/#\/schema\/logo\/image\/","url":"https:\/\/plenergy.pt\/wp-content\/uploads\/2024\/12\/Plenergy.png","contentUrl":"https:\/\/plenergy.pt\/wp-content\/uploads\/2024\/12\/Plenergy.png","width":418,"height":84,"caption":"Plenergy esta\u00e7\u00f5es de servi\u00e7o"},"image":{"@id":"https:\/\/plenergy.pt\/es\/#\/schema\/logo\/image\/"}}]}},"_links":{"self":[{"href":"https:\/\/plenergy.pt\/es\/wp-json\/wp\/v2\/pages\/930","targetHints":{"allow":["GET"]}}],"collection":[{"href":"https:\/\/plenergy.pt\/es\/wp-json\/wp\/v2\/pages"}],"about":[{"href":"https:\/\/plenergy.pt\/es\/wp-json\/wp\/v2\/types\/page"}],"author":[{"embeddable":true,"href":"https:\/\/plenergy.pt\/es\/wp-json\/wp\/v2\/users\/1"}],"replies":[{"embeddable":true,"href":"https:\/\/plenergy.pt\/es\/wp-json\/wp\/v2\/comments?post=930"}],"version-history":[{"count":0,"href":"https:\/\/plenergy.pt\/es\/wp-json\/wp\/v2\/pages\/930\/revisions"}],"wp:attachment":[{"href":"https:\/\/plenergy.pt\/es\/wp-json\/wp\/v2\/media?parent=930"}],"curies":[{"name":"wp","href":"https:\/\/api.w.org\/{rel}","templated":true}]}}