{"id":18968,"date":"2024-02-23T08:27:43","date_gmt":"2024-02-23T07:27:43","guid":{"rendered":"https:\/\/staging.plenoil.pt\/?page_id=18968"},"modified":"2024-04-26T12:37:39","modified_gmt":"2024-04-26T10:37:39","slug":"formulario-ticket","status":"publish","type":"page","link":"https:\/\/plenergy.pt\/es\/formulario-ticket\/","title":{"rendered":"Formulario Ticket"},"content":{"rendered":"<p><img decoding=\"async\" width=\"300\" height=\"67\" src=\"https:\/\/staging.plenoil.pt\/wp-content\/uploads\/2023\/11\/Logo-transparente-300x67.png\" alt=\"\" srcset=\"https:\/\/staging.plenoil.pt\/wp-content\/uploads\/2023\/11\/Logo-transparente-300x67.png 300w, https:\/\/staging.plenoil.pt\/wp-content\/uploads\/2023\/11\/Logo-transparente-1024x229.png 1024w, https:\/\/staging.plenoil.pt\/wp-content\/uploads\/2023\/11\/Logo-transparente-768x172.png 768w, https:\/\/staging.plenoil.pt\/wp-content\/uploads\/2023\/11\/Logo-transparente.png 1134w\" sizes=\"(max-width: 300px) 100vw, 300px\" \/>\t\t\t\t\t\t\t\t\t\t\t\t\t<\/p>\n<h2>Solicitud de factura<\/h2>\n<p>Rellene el siguiente formulario para descargar su factura<\/p>\n<p role=\"status\" aria-live=\"polite\" aria-atomic=\"true\">\n<ul><\/ul>\n<form action=\"\/wp-admin\/admin-ajax.php#wpcf7-f18973-o3\" method=\"post\" aria-label=\"Formulario de contacto\" novalidate=\"novalidate\" data-status=\"init\">\n<input type=\"hidden\" name=\"_wpcf7\" value=\"18973\" \/><br \/>\n<input type=\"hidden\" name=\"_wpcf7_version\" value=\"5.9.2\" \/><br \/>\n<input type=\"hidden\" name=\"_wpcf7_locale\" value=\"es_ES\" \/><br \/>\n<input type=\"hidden\" name=\"_wpcf7_unit_tag\" value=\"wpcf7-f18973-o3\" \/><br \/>\n<input type=\"hidden\" name=\"_wpcf7_container_post\" value=\"0\" \/><br \/>\n<input type=\"hidden\" name=\"_wpcf7_posted_data_hash\" value=\"\" \/><br \/>\n<input type=\"hidden\" name=\"_wpcf7_recaptcha_response\" value=\"\" \/><\/p>\n<style>\n.elementor-17281 .elementor-element.elementor-element-7fb28a1 .ekit-form form input:not([type=\"submit\"]):not([type=\"checkbox\"]):not([type=\"radio\"]), .elementor-17281 .elementor-element.elementor-element-7fb28a1 .ekit-form form select\n{\nbackground:#F7F8FC;\nborder:0;\nfont-family: var(--e-global-typography-text-font-family), Sans-serif;\n font-size: var(--e-global-typography-text-font-size);\n font-weight: var(--e-global-typography-text-font-weight);\n line-height: var(--e-global-typography-text-line-height);\n}\n.orange_asteric {\n color: #FF6326 !important;\n display: inline-block !important;\n}\n.wpcf7-list-item span {\nmarging:0 !important;}\n.pt-2{\npadding-top:2rem;}\n.boton-naranja input{\n background: #FF6326 !important;\nborder-radius: 30px !important;}\n.formulario-ticket .wpcf7-not-valid-tip {\n color: #dc3232 !important;\n font-size: 1em;\n font-weight: normal;\n margin-bottom: 15px !important;\n}\n.formulario-ticket input, .formulario-ticket select{\n margin-bottom: 5px !important;\n}\n.form_contacto_acepta, .wpcf7-list-item-label{display: inline-block !important;top: -1px;position: relative;}\ninput::placeholder {color:#888 !important;}\n<\/style>\n<p><label> Nombre y apellidos * <input size=\"40\" maxlength=\"50\" aria-required=\"true\" aria-invalid=\"false\" value=\"\" type=\"text\" name=\"full-name\" \/> <\/label>\n\t\t\t<\/p>\n<p><label> CIF * <input size=\"40\" aria-required=\"true\" aria-invalid=\"false\" value=\"\" type=\"text\" name=\"cif\" \/> <\/label>\n\t\t\t<\/p>\n<p><label> Email * <input size=\"40\" maxlength=\"80\" aria-required=\"true\" aria-invalid=\"false\" value=\"\" type=\"email\" name=\"email\" \/> <\/label>\n\t\t\t<\/p>\n<p><label> Direcci\u00f3n <input size=\"40\" maxlength=\"50\" aria-invalid=\"false\" value=\"\" type=\"text\" name=\"direction\" \/> <\/label>\n\t\t\t<\/p>\n<p><label> CP <input aria-invalid=\"false\" value=\"\" type=\"number\" name=\"zip-code\" \/><\/label>\n\t\t\t<\/p>\n<p><label> Ciudad <input size=\"40\" maxlength=\"30\" aria-invalid=\"false\" value=\"\" type=\"text\" name=\"city\" \/><\/label>\n\t\t\t<\/p>\n<p><label><img decoding=\"async\" src=\"\/wp-content\/uploads\/2024\/04\/ticket_01.png\" alt=\"1\" \/> Fecha Ticket * <input aria-required=\"true\" aria-invalid=\"false\" value=\"\" type=\"date\" name=\"reposting-date-ticket\" \/> <\/label><br \/>\n<label><img decoding=\"async\" src=\"\/wp-content\/uploads\/2024\/04\/ticket_02.png\" alt=\"2\" \/> N\u00ba del Ticket * <input size=\"40\" maxlength=\"20\" aria-required=\"true\" aria-invalid=\"false\" value=\"\" type=\"text\" name=\"ticket-number\" \/> <\/label><br \/>\n<label><img decoding=\"async\" src=\"\/wp-content\/uploads\/2024\/04\/ticket_03.png\" alt=\"3\" \/> Importe del Ticket * <input size=\"40\" aria-required=\"true\" aria-invalid=\"false\" placeholder=\"0,00\" value=\"\" type=\"text\" name=\"check-amount-ticket\" \/><\/label><small>C\u00e9ntimos separados por coma ej: 12,00<\/small>\n\t\t\t<\/p>\n<p><img decoding=\"async\" src=\"\/wp-content\/uploads\/2024\/04\/ticket_plenoil_esquema.jpg\" alt=\"Ejemplo de ticket Plenoil\" \/>\n\t\t\t<\/p>\n<p><input value=\"00:01\" type=\"hidden\" name=\"hora\" \/><br \/>\n<input value=\"\" type=\"hidden\" name=\"fecha_formateada\" \/><\/p>\n<p><label><input type=\"checkbox\" name=\"acepto\" value=\"1\" aria-invalid=\"false\" \/>Acepto la <a href=\"https:\/\/plenoil.es\/politica-de-privacidad\/\" target=\"_blank\" rel=\"noopener\">pol\u00edtica de privacidad<\/a><\/label>\n\t\t\t<\/p>\n<p><noscript><br \/>\n\t\t<iframe src=\"https:\/\/www.google.com\/recaptcha\/api\/fallback?k=6LfpADIUAAAAAGtb46UfbTD6toppaTlmw-X-AIgw\" frameborder=\"0\" scrolling=\"no\" width=\"310\" height=\"430\"><br \/>\n\t\t<\/iframe><br \/>\n\t\t<textarea name=\"g-recaptcha-response\" rows=\"3\" cols=\"40\" placeholder=\"Aqu\u00ed la respuesta de reCAPTCHA\"><br \/>\n\t\t<\/textarea><br \/>\n<\/noscript><\/p>\n<p><label> <input type=\"submit\" value=\"Descargar factura\" \/><\/label>\n\t\t\t<\/p>\n<p><input value=\"\" type=\"hidden\" name=\"redireccion\" \/><br \/>\n<\/form>\n","protected":false},"excerpt":{"rendered":"<p>Solicitud de factura Rellene el siguiente formulario para descargar su factura Nombre y apellidos * CIF * Email * Direcci\u00f3n CP Ciudad Fecha Ticket * N\u00ba del Ticket * Importe del Ticket * C\u00e9ntimos separados por coma ej: 12,00 Acepto la pol\u00edtica de privacidad<\/p>\n","protected":false},"author":10,"featured_media":0,"parent":0,"menu_order":0,"comment_status":"closed","ping_status":"closed","template":"","meta":{"footnotes":""},"class_list":["post-18968","page","type-page","status-publish","hentry"],"yoast_head":"<!-- This site is optimized with the Yoast SEO plugin v26.9 - https:\/\/yoast.com\/product\/yoast-seo-wordpress\/ -->\n<title>Formulario Ticket - Plenergy esta\u00e7\u00f5es de servi\u00e7o<\/title>\n<meta name=\"robots\" content=\"index, follow, max-snippet:-1, max-image-preview:large, max-video-preview:-1\" \/>\n<link rel=\"canonical\" href=\"https:\/\/plenergy.pt\/es\/formulario-ticket\/\" \/>\n<meta property=\"og:locale\" content=\"es_ES\" \/>\n<meta property=\"og:type\" content=\"article\" \/>\n<meta property=\"og:title\" content=\"Formulario Ticket - Plenergy esta\u00e7\u00f5es de servi\u00e7o\" \/>\n<meta property=\"og:description\" content=\"Solicitud de factura Rellene el siguiente formulario para descargar su factura Nombre y apellidos * CIF * Email * Direcci\u00f3n CP Ciudad Fecha Ticket * N\u00ba del Ticket * Importe del Ticket * C\u00e9ntimos separados por coma ej: 12,00 Acepto la pol\u00edtica de privacidad\" \/>\n<meta property=\"og:url\" content=\"https:\/\/plenergy.pt\/es\/formulario-ticket\/\" \/>\n<meta property=\"og:site_name\" content=\"Plenergy esta\u00e7\u00f5es de servi\u00e7o\" \/>\n<meta property=\"article:modified_time\" content=\"2024-04-26T10:37:39+00:00\" \/>\n<meta property=\"og:image\" content=\"https:\/\/staging.plenoil.pt\/wp-content\/uploads\/2023\/11\/Logo-transparente-300x67.png\" \/>\n<meta name=\"twitter:card\" content=\"summary_large_image\" \/>\n<meta name=\"twitter:label1\" content=\"Tiempo de lectura\" \/>\n\t<meta name=\"twitter:data1\" content=\"1 minuto\" \/>\n<script type=\"application\/ld+json\" class=\"yoast-schema-graph\">{\"@context\":\"https:\/\/schema.org\",\"@graph\":[{\"@type\":\"WebPage\",\"@id\":\"https:\/\/plenergy.pt\/es\/formulario-ticket\/\",\"url\":\"https:\/\/plenergy.pt\/es\/formulario-ticket\/\",\"name\":\"Formulario Ticket - Plenergy esta\u00e7\u00f5es de servi\u00e7o\",\"isPartOf\":{\"@id\":\"https:\/\/plenergy.pt\/es\/#website\"},\"primaryImageOfPage\":{\"@id\":\"https:\/\/plenergy.pt\/es\/formulario-ticket\/#primaryimage\"},\"image\":{\"@id\":\"https:\/\/plenergy.pt\/es\/formulario-ticket\/#primaryimage\"},\"thumbnailUrl\":\"https:\/\/staging.plenoil.pt\/wp-content\/uploads\/2023\/11\/Logo-transparente-300x67.png\",\"datePublished\":\"2024-02-23T07:27:43+00:00\",\"dateModified\":\"2024-04-26T10:37:39+00:00\",\"inLanguage\":\"es\",\"potentialAction\":[{\"@type\":\"ReadAction\",\"target\":[\"https:\/\/plenergy.pt\/es\/formulario-ticket\/\"]}]},{\"@type\":\"ImageObject\",\"inLanguage\":\"es\",\"@id\":\"https:\/\/plenergy.pt\/es\/formulario-ticket\/#primaryimage\",\"url\":\"https:\/\/staging.plenoil.pt\/wp-content\/uploads\/2023\/11\/Logo-transparente-300x67.png\",\"contentUrl\":\"https:\/\/staging.plenoil.pt\/wp-content\/uploads\/2023\/11\/Logo-transparente-300x67.png\"},{\"@type\":\"WebSite\",\"@id\":\"https:\/\/plenergy.pt\/es\/#website\",\"url\":\"https:\/\/plenergy.pt\/es\/\",\"name\":\"Plenergy esta\u00e7\u00f5es de servi\u00e7o\",\"description\":\"Mover-se assim d\u00e1 gosto\",\"publisher\":{\"@id\":\"https:\/\/plenergy.pt\/es\/#organization\"},\"potentialAction\":[{\"@type\":\"SearchAction\",\"target\":{\"@type\":\"EntryPoint\",\"urlTemplate\":\"https:\/\/plenergy.pt\/es\/?s={search_term_string}\"},\"query-input\":{\"@type\":\"PropertyValueSpecification\",\"valueRequired\":true,\"valueName\":\"search_term_string\"}}],\"inLanguage\":\"es\"},{\"@type\":\"Organization\",\"@id\":\"https:\/\/plenergy.pt\/es\/#organization\",\"name\":\"Plenergy esta\u00e7\u00f5es de servi\u00e7o\",\"url\":\"https:\/\/plenergy.pt\/es\/\",\"logo\":{\"@type\":\"ImageObject\",\"inLanguage\":\"es\",\"@id\":\"https:\/\/plenergy.pt\/es\/#\/schema\/logo\/image\/\",\"url\":\"https:\/\/plenergy.pt\/wp-content\/uploads\/2024\/12\/Plenergy.png\",\"contentUrl\":\"https:\/\/plenergy.pt\/wp-content\/uploads\/2024\/12\/Plenergy.png\",\"width\":418,\"height\":84,\"caption\":\"Plenergy esta\u00e7\u00f5es de servi\u00e7o\"},\"image\":{\"@id\":\"https:\/\/plenergy.pt\/es\/#\/schema\/logo\/image\/\"}}]}<\/script>\n<!-- \/ Yoast SEO plugin. -->","yoast_head_json":{"title":"Formulario Ticket - Plenergy esta\u00e7\u00f5es de servi\u00e7o","robots":{"index":"index","follow":"follow","max-snippet":"max-snippet:-1","max-image-preview":"max-image-preview:large","max-video-preview":"max-video-preview:-1"},"canonical":"https:\/\/plenergy.pt\/es\/formulario-ticket\/","og_locale":"es_ES","og_type":"article","og_title":"Formulario Ticket - Plenergy esta\u00e7\u00f5es de servi\u00e7o","og_description":"Solicitud de factura Rellene el siguiente formulario para descargar su factura Nombre y apellidos * CIF * Email * Direcci\u00f3n CP Ciudad Fecha Ticket * N\u00ba del Ticket * Importe del Ticket * C\u00e9ntimos separados por coma ej: 12,00 Acepto la pol\u00edtica de privacidad","og_url":"https:\/\/plenergy.pt\/es\/formulario-ticket\/","og_site_name":"Plenergy esta\u00e7\u00f5es de servi\u00e7o","article_modified_time":"2024-04-26T10:37:39+00:00","og_image":[{"url":"https:\/\/staging.plenoil.pt\/wp-content\/uploads\/2023\/11\/Logo-transparente-300x67.png","type":"","width":"","height":""}],"twitter_card":"summary_large_image","twitter_misc":{"Tiempo de lectura":"1 minuto"},"schema":{"@context":"https:\/\/schema.org","@graph":[{"@type":"WebPage","@id":"https:\/\/plenergy.pt\/es\/formulario-ticket\/","url":"https:\/\/plenergy.pt\/es\/formulario-ticket\/","name":"Formulario Ticket - Plenergy esta\u00e7\u00f5es de servi\u00e7o","isPartOf":{"@id":"https:\/\/plenergy.pt\/es\/#website"},"primaryImageOfPage":{"@id":"https:\/\/plenergy.pt\/es\/formulario-ticket\/#primaryimage"},"image":{"@id":"https:\/\/plenergy.pt\/es\/formulario-ticket\/#primaryimage"},"thumbnailUrl":"https:\/\/staging.plenoil.pt\/wp-content\/uploads\/2023\/11\/Logo-transparente-300x67.png","datePublished":"2024-02-23T07:27:43+00:00","dateModified":"2024-04-26T10:37:39+00:00","inLanguage":"es","potentialAction":[{"@type":"ReadAction","target":["https:\/\/plenergy.pt\/es\/formulario-ticket\/"]}]},{"@type":"ImageObject","inLanguage":"es","@id":"https:\/\/plenergy.pt\/es\/formulario-ticket\/#primaryimage","url":"https:\/\/staging.plenoil.pt\/wp-content\/uploads\/2023\/11\/Logo-transparente-300x67.png","contentUrl":"https:\/\/staging.plenoil.pt\/wp-content\/uploads\/2023\/11\/Logo-transparente-300x67.png"},{"@type":"WebSite","@id":"https:\/\/plenergy.pt\/es\/#website","url":"https:\/\/plenergy.pt\/es\/","name":"Plenergy esta\u00e7\u00f5es de servi\u00e7o","description":"Mover-se assim d\u00e1 gosto","publisher":{"@id":"https:\/\/plenergy.pt\/es\/#organization"},"potentialAction":[{"@type":"SearchAction","target":{"@type":"EntryPoint","urlTemplate":"https:\/\/plenergy.pt\/es\/?s={search_term_string}"},"query-input":{"@type":"PropertyValueSpecification","valueRequired":true,"valueName":"search_term_string"}}],"inLanguage":"es"},{"@type":"Organization","@id":"https:\/\/plenergy.pt\/es\/#organization","name":"Plenergy esta\u00e7\u00f5es de servi\u00e7o","url":"https:\/\/plenergy.pt\/es\/","logo":{"@type":"ImageObject","inLanguage":"es","@id":"https:\/\/plenergy.pt\/es\/#\/schema\/logo\/image\/","url":"https:\/\/plenergy.pt\/wp-content\/uploads\/2024\/12\/Plenergy.png","contentUrl":"https:\/\/plenergy.pt\/wp-content\/uploads\/2024\/12\/Plenergy.png","width":418,"height":84,"caption":"Plenergy esta\u00e7\u00f5es de servi\u00e7o"},"image":{"@id":"https:\/\/plenergy.pt\/es\/#\/schema\/logo\/image\/"}}]}},"_links":{"self":[{"href":"https:\/\/plenergy.pt\/es\/wp-json\/wp\/v2\/pages\/18968","targetHints":{"allow":["GET"]}}],"collection":[{"href":"https:\/\/plenergy.pt\/es\/wp-json\/wp\/v2\/pages"}],"about":[{"href":"https:\/\/plenergy.pt\/es\/wp-json\/wp\/v2\/types\/page"}],"author":[{"embeddable":true,"href":"https:\/\/plenergy.pt\/es\/wp-json\/wp\/v2\/users\/10"}],"replies":[{"embeddable":true,"href":"https:\/\/plenergy.pt\/es\/wp-json\/wp\/v2\/comments?post=18968"}],"version-history":[{"count":0,"href":"https:\/\/plenergy.pt\/es\/wp-json\/wp\/v2\/pages\/18968\/revisions"}],"wp:attachment":[{"href":"https:\/\/plenergy.pt\/es\/wp-json\/wp\/v2\/media?parent=18968"}],"curies":[{"name":"wp","href":"https:\/\/api.w.org\/{rel}","templated":true}]}}