{"id":23716,"date":"2025-07-18T10:00:56","date_gmt":"2025-07-18T09:00:56","guid":{"rendered":"https:\/\/plenergy.pt\/estacion\/"},"modified":"2025-07-18T10:44:07","modified_gmt":"2025-07-18T09:44:07","slug":"estacion","status":"publish","type":"page","link":"https:\/\/plenergy.pt\/en\/estacion\/","title":{"rendered":"estacion"},"content":{"rendered":"\t\t<div data-elementor-type=\"wp-page\" data-elementor-id=\"23716\" class=\"elementor elementor-23716 elementor-23710\" data-elementor-post-type=\"page\">\n\t\t\t\t\t\t<section class=\"elementor-section elementor-top-section elementor-element elementor-element-910565f elementor-section-boxed elementor-section-height-default elementor-section-height-default\" data-id=\"910565f\" data-element_type=\"section\" data-e-type=\"section\">\n\t\t\t\t\t\t<div class=\"elementor-container elementor-column-gap-default\">\n\t\t\t\t\t<div class=\"elementor-column elementor-col-100 elementor-top-column elementor-element elementor-element-3ad28dc\" data-id=\"3ad28dc\" data-element_type=\"column\" data-e-type=\"column\">\n\t\t\t<div class=\"elementor-widget-wrap elementor-element-populated\">\n\t\t\t\t\t\t<div class=\"elementor-element elementor-element-23273e5 elementor-widget elementor-widget-shortcode\" data-id=\"23273e5\" data-element_type=\"widget\" data-e-type=\"widget\" data-widget_type=\"shortcode.default\">\n\t\t\t\t<div class=\"elementor-widget-container\">\n\t\t\t\t\t\t\t<div class=\"elementor-shortcode\"><p>Estaci\u00f3n no encontrada por ahora.<\/p><\/div>\n\t\t\t\t\t\t<\/div>\n\t\t\t\t<\/div>\n\t\t\t\t\t<\/div>\n\t\t<\/div>\n\t\t\t\t\t<\/div>\n\t\t<\/section>\n\t\t\t\t<section class=\"elementor-section elementor-top-section elementor-element elementor-element-47d611a elementor-section-boxed elementor-section-height-default elementor-section-height-default\" data-id=\"47d611a\" data-element_type=\"section\" data-e-type=\"section\">\n\t\t\t\t\t\t<div class=\"elementor-container elementor-column-gap-default\">\n\t\t\t\t\t<div class=\"elementor-column elementor-col-100 elementor-top-column elementor-element elementor-element-581dbb5\" data-id=\"581dbb5\" data-element_type=\"column\" data-e-type=\"column\">\n\t\t\t<div class=\"elementor-widget-wrap elementor-element-populated\">\n\t\t\t\t\t\t<div class=\"elementor-element elementor-element-8d83c1d elementor-widget elementor-widget-html\" data-id=\"8d83c1d\" data-element_type=\"widget\" data-e-type=\"widget\" data-widget_type=\"html.default\">\n\t\t\t\t<div class=\"elementor-widget-container\">\n\t\t\t\t\t<script>document.addEventListener('DOMContentLoaded', () => {\r\n  const match = window.location.pathname.match(\/\\\/estacion\\\/([^\\\/]+)\\\/\/);\r\n  if (!match) return;\r\n  const slugActual = match[1];\r\n\r\n  document.querySelectorAll('.wpml-ls-item a').forEach(link => {\r\n    const url = new URL(link.href);\r\n\r\n    if (\/\\\/estacion\\\/?$\/.test(url.pathname)) {\r\n      const langSpan = link.querySelector('span[lang]');\r\n      const langCode = langSpan ? langSpan.getAttribute('lang') : '';\r\n\r\n      url.pathname = `\/estacion\/${slugActual}\/`;\r\n\r\n      \/* -- tabla de salida -- *\/\r\n      const outLang = { 'pt-pt': 'pt' };\r\n      url.search = `?lang=${ outLang[langCode] || langCode }`;\r\n\r\n      link.href = url.toString();\r\n    }\r\n  });\r\n});\r\n<\/script>\t\t\t\t<\/div>\n\t\t\t\t<\/div>\n\t\t\t\t\t<\/div>\n\t\t<\/div>\n\t\t\t\t\t<\/div>\n\t\t<\/section>\n\t\t\t\t<\/div>\n\t\t","protected":false},"excerpt":{"rendered":"","protected":false},"author":1,"featured_media":0,"parent":0,"menu_order":0,"comment_status":"closed","ping_status":"closed","template":"","meta":{"footnotes":""},"class_list":["post-23716","page","type-page","status-publish","hentry"],"yoast_head":"<!-- This site is optimized with the Yoast SEO plugin v26.9 - https:\/\/yoast.com\/product\/yoast-seo-wordpress\/ -->\n<title>estacion - Plenergy esta\u00e7\u00f5es de servi\u00e7o<\/title>\n<meta name=\"robots\" content=\"index, follow, max-snippet:-1, max-image-preview:large, max-video-preview:-1\" \/>\n<link rel=\"canonical\" href=\"https:\/\/plenergy.pt\/en\/estacion\/\" \/>\n<meta property=\"og:locale\" content=\"en_US\" \/>\n<meta property=\"og:type\" content=\"article\" \/>\n<meta property=\"og:title\" content=\"estacion - Plenergy esta\u00e7\u00f5es de servi\u00e7o\" \/>\n<meta property=\"og:url\" content=\"https:\/\/plenergy.pt\/en\/estacion\/\" \/>\n<meta property=\"og:site_name\" content=\"Plenergy esta\u00e7\u00f5es de servi\u00e7o\" \/>\n<meta property=\"article:modified_time\" content=\"2025-07-18T09:44:07+00:00\" \/>\n<meta name=\"twitter:card\" content=\"summary_large_image\" \/>\n<script type=\"application\/ld+json\" class=\"yoast-schema-graph\">{\"@context\":\"https:\/\/schema.org\",\"@graph\":[{\"@type\":\"WebPage\",\"@id\":\"https:\/\/plenergy.pt\/en\/estacion\/\",\"url\":\"https:\/\/plenergy.pt\/en\/estacion\/\",\"name\":\"estacion - Plenergy esta\u00e7\u00f5es de servi\u00e7o\",\"isPartOf\":{\"@id\":\"https:\/\/plenergy.pt\/en\/#website\"},\"datePublished\":\"2025-07-18T09:00:56+00:00\",\"dateModified\":\"2025-07-18T09:44:07+00:00\",\"inLanguage\":\"en-US\",\"potentialAction\":[{\"@type\":\"ReadAction\",\"target\":[\"https:\/\/plenergy.pt\/en\/estacion\/\"]}]},{\"@type\":\"WebSite\",\"@id\":\"https:\/\/plenergy.pt\/en\/#website\",\"url\":\"https:\/\/plenergy.pt\/en\/\",\"name\":\"Plenergy esta\u00e7\u00f5es de servi\u00e7o\",\"description\":\"Mover-se assim d\u00e1 gosto\",\"publisher\":{\"@id\":\"https:\/\/plenergy.pt\/en\/#organization\"},\"potentialAction\":[{\"@type\":\"SearchAction\",\"target\":{\"@type\":\"EntryPoint\",\"urlTemplate\":\"https:\/\/plenergy.pt\/en\/?s={search_term_string}\"},\"query-input\":{\"@type\":\"PropertyValueSpecification\",\"valueRequired\":true,\"valueName\":\"search_term_string\"}}],\"inLanguage\":\"en-US\"},{\"@type\":\"Organization\",\"@id\":\"https:\/\/plenergy.pt\/en\/#organization\",\"name\":\"Plenergy esta\u00e7\u00f5es de servi\u00e7o\",\"url\":\"https:\/\/plenergy.pt\/en\/\",\"logo\":{\"@type\":\"ImageObject\",\"inLanguage\":\"en-US\",\"@id\":\"https:\/\/plenergy.pt\/en\/#\/schema\/logo\/image\/\",\"url\":\"https:\/\/plenergy.pt\/wp-content\/uploads\/2024\/12\/Plenergy.png\",\"contentUrl\":\"https:\/\/plenergy.pt\/wp-content\/uploads\/2024\/12\/Plenergy.png\",\"width\":418,\"height\":84,\"caption\":\"Plenergy esta\u00e7\u00f5es de servi\u00e7o\"},\"image\":{\"@id\":\"https:\/\/plenergy.pt\/en\/#\/schema\/logo\/image\/\"}}]}<\/script>\n<!-- \/ Yoast SEO plugin. -->","yoast_head_json":{"title":"estacion - Plenergy esta\u00e7\u00f5es de servi\u00e7o","robots":{"index":"index","follow":"follow","max-snippet":"max-snippet:-1","max-image-preview":"max-image-preview:large","max-video-preview":"max-video-preview:-1"},"canonical":"https:\/\/plenergy.pt\/en\/estacion\/","og_locale":"en_US","og_type":"article","og_title":"estacion - Plenergy esta\u00e7\u00f5es de servi\u00e7o","og_url":"https:\/\/plenergy.pt\/en\/estacion\/","og_site_name":"Plenergy esta\u00e7\u00f5es de servi\u00e7o","article_modified_time":"2025-07-18T09:44:07+00:00","twitter_card":"summary_large_image","schema":{"@context":"https:\/\/schema.org","@graph":[{"@type":"WebPage","@id":"https:\/\/plenergy.pt\/en\/estacion\/","url":"https:\/\/plenergy.pt\/en\/estacion\/","name":"estacion - Plenergy esta\u00e7\u00f5es de servi\u00e7o","isPartOf":{"@id":"https:\/\/plenergy.pt\/en\/#website"},"datePublished":"2025-07-18T09:00:56+00:00","dateModified":"2025-07-18T09:44:07+00:00","inLanguage":"en-US","potentialAction":[{"@type":"ReadAction","target":["https:\/\/plenergy.pt\/en\/estacion\/"]}]},{"@type":"WebSite","@id":"https:\/\/plenergy.pt\/en\/#website","url":"https:\/\/plenergy.pt\/en\/","name":"Plenergy esta\u00e7\u00f5es de servi\u00e7o","description":"Mover-se assim d\u00e1 gosto","publisher":{"@id":"https:\/\/plenergy.pt\/en\/#organization"},"potentialAction":[{"@type":"SearchAction","target":{"@type":"EntryPoint","urlTemplate":"https:\/\/plenergy.pt\/en\/?s={search_term_string}"},"query-input":{"@type":"PropertyValueSpecification","valueRequired":true,"valueName":"search_term_string"}}],"inLanguage":"en-US"},{"@type":"Organization","@id":"https:\/\/plenergy.pt\/en\/#organization","name":"Plenergy esta\u00e7\u00f5es de servi\u00e7o","url":"https:\/\/plenergy.pt\/en\/","logo":{"@type":"ImageObject","inLanguage":"en-US","@id":"https:\/\/plenergy.pt\/en\/#\/schema\/logo\/image\/","url":"https:\/\/plenergy.pt\/wp-content\/uploads\/2024\/12\/Plenergy.png","contentUrl":"https:\/\/plenergy.pt\/wp-content\/uploads\/2024\/12\/Plenergy.png","width":418,"height":84,"caption":"Plenergy esta\u00e7\u00f5es de servi\u00e7o"},"image":{"@id":"https:\/\/plenergy.pt\/en\/#\/schema\/logo\/image\/"}}]}},"_links":{"self":[{"href":"https:\/\/plenergy.pt\/en\/wp-json\/wp\/v2\/pages\/23716","targetHints":{"allow":["GET"]}}],"collection":[{"href":"https:\/\/plenergy.pt\/en\/wp-json\/wp\/v2\/pages"}],"about":[{"href":"https:\/\/plenergy.pt\/en\/wp-json\/wp\/v2\/types\/page"}],"author":[{"embeddable":true,"href":"https:\/\/plenergy.pt\/en\/wp-json\/wp\/v2\/users\/1"}],"replies":[{"embeddable":true,"href":"https:\/\/plenergy.pt\/en\/wp-json\/wp\/v2\/comments?post=23716"}],"version-history":[{"count":0,"href":"https:\/\/plenergy.pt\/en\/wp-json\/wp\/v2\/pages\/23716\/revisions"}],"wp:attachment":[{"href":"https:\/\/plenergy.pt\/en\/wp-json\/wp\/v2\/media?parent=23716"}],"curies":[{"name":"wp","href":"https:\/\/api.w.org\/{rel}","templated":true}]}}