{"id":15023,"date":"2023-10-26T11:31:34","date_gmt":"2023-10-26T10:31:34","guid":{"rendered":"https:\/\/staging.staging.plenoil.pt\/press-room\/"},"modified":"2024-12-04T15:53:03","modified_gmt":"2024-12-04T15:53:03","slug":"press-room","status":"publish","type":"page","link":"https:\/\/plenergy.pt\/en\/press-room\/","title":{"rendered":"Press Room"},"content":{"rendered":"\t\t<div data-elementor-type=\"wp-page\" data-elementor-id=\"15023\" class=\"elementor elementor-15023 elementor-11935\" data-elementor-post-type=\"page\">\n\t\t\t\t\t\t<section class=\"elementor-section elementor-top-section elementor-element elementor-element-67931ff4 elementor-section-boxed elementor-section-height-default elementor-section-height-default\" data-id=\"67931ff4\" data-element_type=\"section\" data-e-type=\"section\" data-settings=\"{&quot;background_background&quot;:&quot;classic&quot;}\">\n\t\t\t\t\t\t\t<div class=\"elementor-background-overlay\"><\/div>\n\t\t\t\t\t\t\t<div class=\"elementor-container elementor-column-gap-default\">\n\t\t\t\t\t<div class=\"elementor-column elementor-col-100 elementor-top-column elementor-element elementor-element-307dc28\" data-id=\"307dc28\" data-element_type=\"column\" data-e-type=\"column\">\n\t\t\t<div class=\"elementor-widget-wrap elementor-element-populated\">\n\t\t\t\t\t\t<section class=\"elementor-section elementor-inner-section elementor-element elementor-element-30c5f21f elementor-section-boxed elementor-section-height-default elementor-section-height-default\" data-id=\"30c5f21f\" data-element_type=\"section\" data-e-type=\"section\">\n\t\t\t\t\t\t<div class=\"elementor-container elementor-column-gap-default\">\n\t\t\t\t\t<div class=\"elementor-column elementor-col-100 elementor-inner-column elementor-element elementor-element-208e4d2\" data-id=\"208e4d2\" data-element_type=\"column\" data-e-type=\"column\">\n\t\t\t<div class=\"elementor-widget-wrap elementor-element-populated\">\n\t\t\t\t\t\t<div class=\"elementor-element elementor-element-5df114ad elementor-widget elementor-widget-elementskit-heading\" data-id=\"5df114ad\" data-element_type=\"widget\" data-e-type=\"widget\" data-widget_type=\"elementskit-heading.default\">\n\t\t\t\t<div class=\"elementor-widget-container\">\n\t\t\t\t\t<div class=\"ekit-wid-con\" ><div class=\"ekit-heading elementskit-section-title-wraper text_center   ekit_heading_tablet-   ekit_heading_mobile-\"><h2 class=\"ekit-heading--title elementskit-section-title \">Press Room<\/h2><\/div><\/div>\t\t\t\t<\/div>\n\t\t\t\t<\/div>\n\t\t\t\t\t<\/div>\n\t\t<\/div>\n\t\t\t\t\t<\/div>\n\t\t<\/section>\n\t\t\t\t\t<\/div>\n\t\t<\/div>\n\t\t\t\t\t<\/div>\n\t\t<\/section>\n\t\t\t\t<section class=\"elementor-section elementor-top-section elementor-element elementor-element-5de780cd elementor-section-boxed elementor-section-height-default elementor-section-height-default\" data-id=\"5de780cd\" data-element_type=\"section\" data-e-type=\"section\" data-settings=\"{&quot;background_background&quot;:&quot;classic&quot;}\">\n\t\t\t\t\t\t<div class=\"elementor-container elementor-column-gap-default\">\n\t\t\t\t\t<div class=\"elementor-column elementor-col-100 elementor-top-column elementor-element elementor-element-128593ee\" data-id=\"128593ee\" data-element_type=\"column\" data-e-type=\"column\">\n\t\t\t<div class=\"elementor-widget-wrap elementor-element-populated\">\n\t\t\t\t\t\t<section class=\"elementor-section elementor-inner-section elementor-element elementor-element-35aac62 elementor-section-boxed elementor-section-height-default elementor-section-height-default\" data-id=\"35aac62\" data-element_type=\"section\" data-e-type=\"section\" data-settings=\"{&quot;background_background&quot;:&quot;classic&quot;}\">\n\t\t\t\t\t\t<div class=\"elementor-container elementor-column-gap-default\">\n\t\t\t\t\t<div class=\"elementor-column elementor-col-33 elementor-inner-column elementor-element elementor-element-ee33783\" data-id=\"ee33783\" data-element_type=\"column\" data-e-type=\"column\">\n\t\t\t<div class=\"elementor-widget-wrap elementor-element-populated\">\n\t\t\t\t\t\t<div class=\"elementor-element elementor-element-e70bda7 ekit-equal-height-disable elementor-widget elementor-widget-elementskit-icon-box\" data-id=\"e70bda7\" data-element_type=\"widget\" data-e-type=\"widget\" data-widget_type=\"elementskit-icon-box.default\">\n\t\t\t\t<div class=\"elementor-widget-container\">\n\t\t\t\t\t<div class=\"ekit-wid-con\" >        <!-- link opening -->\n                <a href=\"https:\/\/plenergy.pt\/en\/press-room\/new-openings\/\" class=\"ekit_global_links\">\n                <!-- end link opening -->\n\n        <div class=\"elementskit-infobox text-center text- icon-top-align elementor-animation-   \">\n                            <div class=\"elementskit-box-header\">\n                <div class=\"elementskit-info-box-icon \">\n                    <img decoding=\"async\" src=\"https:\/\/plenergy.pt\/wp-content\/uploads\/2024\/12\/iconos_inclinacionok_narnaja-13.svg\" class=\"attachment- size-\" alt=\"\" \/>                <\/div>\n          <\/div>\n                <div class=\"box-body\">\n                            <h3 class=\"elementskit-info-box-title\">\n                    New openings                <\/h3>\n                                            <\/div>\n        \n        \n                <\/div>\n                <\/a>\n        <\/div>\t\t\t\t<\/div>\n\t\t\t\t<\/div>\n\t\t\t\t\t<\/div>\n\t\t<\/div>\n\t\t\t\t<div class=\"elementor-column elementor-col-33 elementor-inner-column elementor-element elementor-element-19c3342\" data-id=\"19c3342\" data-element_type=\"column\" data-e-type=\"column\">\n\t\t\t<div class=\"elementor-widget-wrap elementor-element-populated\">\n\t\t\t\t\t\t<div class=\"elementor-element elementor-element-d3bb625 ekit-equal-height-disable elementor-widget elementor-widget-elementskit-icon-box\" data-id=\"d3bb625\" data-element_type=\"widget\" data-e-type=\"widget\" data-widget_type=\"elementskit-icon-box.default\">\n\t\t\t\t<div class=\"elementor-widget-container\">\n\t\t\t\t\t<div class=\"ekit-wid-con\" >        <!-- link opening -->\n                <a href=\"https:\/\/plenergy.pt\/en\/press-room\/news\/\" class=\"ekit_global_links\">\n                <!-- end link opening -->\n\n        <div class=\"elementskit-infobox text-center text- icon-top-align elementor-animation-   \">\n                            <div class=\"elementskit-box-header\">\n                <div class=\"elementskit-info-box-icon \">\n                    <img decoding=\"async\" src=\"https:\/\/plenergy.pt\/wp-content\/uploads\/2024\/12\/iconos_inclinacionok_narnaja-21.svg\" class=\"attachment- size-\" alt=\"\" \/>                <\/div>\n          <\/div>\n                <div class=\"box-body\">\n                            <h3 class=\"elementskit-info-box-title\">\n                    News                <\/h3>\n                                            <\/div>\n        \n        \n                <\/div>\n                <\/a>\n        <\/div>\t\t\t\t<\/div>\n\t\t\t\t<\/div>\n\t\t\t\t\t<\/div>\n\t\t<\/div>\n\t\t\t\t<div class=\"elementor-column elementor-col-33 elementor-inner-column elementor-element elementor-element-fcbc626\" data-id=\"fcbc626\" data-element_type=\"column\" data-e-type=\"column\">\n\t\t\t<div class=\"elementor-widget-wrap elementor-element-populated\">\n\t\t\t\t\t\t<div class=\"elementor-element elementor-element-8a789b4 ekit-equal-height-disable elementor-widget elementor-widget-elementskit-icon-box\" data-id=\"8a789b4\" data-element_type=\"widget\" data-e-type=\"widget\" data-widget_type=\"elementskit-icon-box.default\">\n\t\t\t\t<div class=\"elementor-widget-container\">\n\t\t\t\t\t<div class=\"ekit-wid-con\" >        <!-- link opening -->\n                <a href=\"https:\/\/plenergy.pt\/en\/press-room\/press-releases\/\" class=\"ekit_global_links\">\n                <!-- end link opening -->\n\n        <div class=\"elementskit-infobox text-center text- icon-top-align elementor-animation-   \">\n                            <div class=\"elementskit-box-header\">\n                <div class=\"elementskit-info-box-icon \">\n                    <img decoding=\"async\" src=\"https:\/\/plenergy.pt\/wp-content\/uploads\/2024\/12\/iconos_inclinacionok_narnaja-22.svg\" class=\"attachment- size-\" alt=\"\" \/>                <\/div>\n          <\/div>\n                <div class=\"box-body\">\n                            <h3 class=\"elementskit-info-box-title\">\n                    Press releases                <\/h3>\n                                            <\/div>\n        \n        \n                <\/div>\n                <\/a>\n        <\/div>\t\t\t\t<\/div>\n\t\t\t\t<\/div>\n\t\t\t\t\t<\/div>\n\t\t<\/div>\n\t\t\t\t\t<\/div>\n\t\t<\/section>\n\t\t\t\t\t<\/div>\n\t\t<\/div>\n\t\t\t\t\t<\/div>\n\t\t<\/section>\n\t\t\t\t<\/div>\n\t\t","protected":false},"excerpt":{"rendered":"<p>Press Room New openings News Press releases<\/p>\n","protected":false},"author":10,"featured_media":0,"parent":0,"menu_order":0,"comment_status":"closed","ping_status":"closed","template":"","meta":{"footnotes":""},"class_list":["post-15023","page","type-page","status-publish","hentry"],"yoast_head":"<!-- This site is optimized with the Yoast SEO plugin v26.9 - https:\/\/yoast.com\/product\/yoast-seo-wordpress\/ -->\n<title>Press Room - Plenergy esta\u00e7\u00f5es de servi\u00e7o<\/title>\n<meta name=\"robots\" content=\"index, follow, max-snippet:-1, max-image-preview:large, max-video-preview:-1\" \/>\n<link rel=\"canonical\" href=\"https:\/\/plenergy.pt\/en\/press-room\/\" \/>\n<meta property=\"og:locale\" content=\"en_US\" \/>\n<meta property=\"og:type\" content=\"article\" \/>\n<meta property=\"og:title\" content=\"Press Room - Plenergy esta\u00e7\u00f5es de servi\u00e7o\" \/>\n<meta property=\"og:description\" content=\"Press Room New openings News Press releases\" \/>\n<meta property=\"og:url\" content=\"https:\/\/plenergy.pt\/en\/press-room\/\" \/>\n<meta property=\"og:site_name\" content=\"Plenergy esta\u00e7\u00f5es de servi\u00e7o\" \/>\n<meta property=\"article:modified_time\" content=\"2024-12-04T15:53:03+00:00\" \/>\n<meta property=\"og:image\" content=\"https:\/\/plenergy.pt\/wp-content\/uploads\/2024\/12\/iconos_inclinacionok_narnaja-13.svg\" \/>\n<meta name=\"twitter:card\" content=\"summary_large_image\" \/>\n<meta name=\"twitter:label1\" content=\"Est. reading time\" \/>\n\t<meta name=\"twitter:data1\" content=\"1 minute\" \/>\n<script type=\"application\/ld+json\" class=\"yoast-schema-graph\">{\"@context\":\"https:\/\/schema.org\",\"@graph\":[{\"@type\":\"WebPage\",\"@id\":\"https:\/\/plenergy.pt\/en\/press-room\/\",\"url\":\"https:\/\/plenergy.pt\/en\/press-room\/\",\"name\":\"Press Room - Plenergy esta\u00e7\u00f5es de servi\u00e7o\",\"isPartOf\":{\"@id\":\"https:\/\/plenergy.pt\/en\/#website\"},\"primaryImageOfPage\":{\"@id\":\"https:\/\/plenergy.pt\/en\/press-room\/#primaryimage\"},\"image\":{\"@id\":\"https:\/\/plenergy.pt\/en\/press-room\/#primaryimage\"},\"thumbnailUrl\":\"https:\/\/plenergy.pt\/wp-content\/uploads\/2024\/12\/iconos_inclinacionok_narnaja-13.svg\",\"datePublished\":\"2023-10-26T10:31:34+00:00\",\"dateModified\":\"2024-12-04T15:53:03+00:00\",\"inLanguage\":\"en-US\",\"potentialAction\":[{\"@type\":\"ReadAction\",\"target\":[\"https:\/\/plenergy.pt\/en\/press-room\/\"]}]},{\"@type\":\"ImageObject\",\"inLanguage\":\"en-US\",\"@id\":\"https:\/\/plenergy.pt\/en\/press-room\/#primaryimage\",\"url\":\"https:\/\/plenergy.pt\/wp-content\/uploads\/2024\/12\/iconos_inclinacionok_narnaja-13.svg\",\"contentUrl\":\"https:\/\/plenergy.pt\/wp-content\/uploads\/2024\/12\/iconos_inclinacionok_narnaja-13.svg\"},{\"@type\":\"WebSite\",\"@id\":\"https:\/\/plenergy.pt\/en\/#website\",\"url\":\"https:\/\/plenergy.pt\/en\/\",\"name\":\"Plenergy esta\u00e7\u00f5es de servi\u00e7o\",\"description\":\"Mover-se assim d\u00e1 gosto\",\"publisher\":{\"@id\":\"https:\/\/plenergy.pt\/en\/#organization\"},\"potentialAction\":[{\"@type\":\"SearchAction\",\"target\":{\"@type\":\"EntryPoint\",\"urlTemplate\":\"https:\/\/plenergy.pt\/en\/?s={search_term_string}\"},\"query-input\":{\"@type\":\"PropertyValueSpecification\",\"valueRequired\":true,\"valueName\":\"search_term_string\"}}],\"inLanguage\":\"en-US\"},{\"@type\":\"Organization\",\"@id\":\"https:\/\/plenergy.pt\/en\/#organization\",\"name\":\"Plenergy esta\u00e7\u00f5es de servi\u00e7o\",\"url\":\"https:\/\/plenergy.pt\/en\/\",\"logo\":{\"@type\":\"ImageObject\",\"inLanguage\":\"en-US\",\"@id\":\"https:\/\/plenergy.pt\/en\/#\/schema\/logo\/image\/\",\"url\":\"https:\/\/plenergy.pt\/wp-content\/uploads\/2024\/12\/Plenergy.png\",\"contentUrl\":\"https:\/\/plenergy.pt\/wp-content\/uploads\/2024\/12\/Plenergy.png\",\"width\":418,\"height\":84,\"caption\":\"Plenergy esta\u00e7\u00f5es de servi\u00e7o\"},\"image\":{\"@id\":\"https:\/\/plenergy.pt\/en\/#\/schema\/logo\/image\/\"}}]}<\/script>\n<!-- \/ Yoast SEO plugin. -->","yoast_head_json":{"title":"Press Room - Plenergy esta\u00e7\u00f5es de servi\u00e7o","robots":{"index":"index","follow":"follow","max-snippet":"max-snippet:-1","max-image-preview":"max-image-preview:large","max-video-preview":"max-video-preview:-1"},"canonical":"https:\/\/plenergy.pt\/en\/press-room\/","og_locale":"en_US","og_type":"article","og_title":"Press Room - Plenergy esta\u00e7\u00f5es de servi\u00e7o","og_description":"Press Room New openings News Press releases","og_url":"https:\/\/plenergy.pt\/en\/press-room\/","og_site_name":"Plenergy esta\u00e7\u00f5es de servi\u00e7o","article_modified_time":"2024-12-04T15:53:03+00:00","og_image":[{"url":"https:\/\/plenergy.pt\/wp-content\/uploads\/2024\/12\/iconos_inclinacionok_narnaja-13.svg","type":"","width":"","height":""}],"twitter_card":"summary_large_image","twitter_misc":{"Est. reading time":"1 minute"},"schema":{"@context":"https:\/\/schema.org","@graph":[{"@type":"WebPage","@id":"https:\/\/plenergy.pt\/en\/press-room\/","url":"https:\/\/plenergy.pt\/en\/press-room\/","name":"Press Room - Plenergy esta\u00e7\u00f5es de servi\u00e7o","isPartOf":{"@id":"https:\/\/plenergy.pt\/en\/#website"},"primaryImageOfPage":{"@id":"https:\/\/plenergy.pt\/en\/press-room\/#primaryimage"},"image":{"@id":"https:\/\/plenergy.pt\/en\/press-room\/#primaryimage"},"thumbnailUrl":"https:\/\/plenergy.pt\/wp-content\/uploads\/2024\/12\/iconos_inclinacionok_narnaja-13.svg","datePublished":"2023-10-26T10:31:34+00:00","dateModified":"2024-12-04T15:53:03+00:00","inLanguage":"en-US","potentialAction":[{"@type":"ReadAction","target":["https:\/\/plenergy.pt\/en\/press-room\/"]}]},{"@type":"ImageObject","inLanguage":"en-US","@id":"https:\/\/plenergy.pt\/en\/press-room\/#primaryimage","url":"https:\/\/plenergy.pt\/wp-content\/uploads\/2024\/12\/iconos_inclinacionok_narnaja-13.svg","contentUrl":"https:\/\/plenergy.pt\/wp-content\/uploads\/2024\/12\/iconos_inclinacionok_narnaja-13.svg"},{"@type":"WebSite","@id":"https:\/\/plenergy.pt\/en\/#website","url":"https:\/\/plenergy.pt\/en\/","name":"Plenergy esta\u00e7\u00f5es de servi\u00e7o","description":"Mover-se assim d\u00e1 gosto","publisher":{"@id":"https:\/\/plenergy.pt\/en\/#organization"},"potentialAction":[{"@type":"SearchAction","target":{"@type":"EntryPoint","urlTemplate":"https:\/\/plenergy.pt\/en\/?s={search_term_string}"},"query-input":{"@type":"PropertyValueSpecification","valueRequired":true,"valueName":"search_term_string"}}],"inLanguage":"en-US"},{"@type":"Organization","@id":"https:\/\/plenergy.pt\/en\/#organization","name":"Plenergy esta\u00e7\u00f5es de servi\u00e7o","url":"https:\/\/plenergy.pt\/en\/","logo":{"@type":"ImageObject","inLanguage":"en-US","@id":"https:\/\/plenergy.pt\/en\/#\/schema\/logo\/image\/","url":"https:\/\/plenergy.pt\/wp-content\/uploads\/2024\/12\/Plenergy.png","contentUrl":"https:\/\/plenergy.pt\/wp-content\/uploads\/2024\/12\/Plenergy.png","width":418,"height":84,"caption":"Plenergy esta\u00e7\u00f5es de servi\u00e7o"},"image":{"@id":"https:\/\/plenergy.pt\/en\/#\/schema\/logo\/image\/"}}]}},"_links":{"self":[{"href":"https:\/\/plenergy.pt\/en\/wp-json\/wp\/v2\/pages\/15023","targetHints":{"allow":["GET"]}}],"collection":[{"href":"https:\/\/plenergy.pt\/en\/wp-json\/wp\/v2\/pages"}],"about":[{"href":"https:\/\/plenergy.pt\/en\/wp-json\/wp\/v2\/types\/page"}],"author":[{"embeddable":true,"href":"https:\/\/plenergy.pt\/en\/wp-json\/wp\/v2\/users\/10"}],"replies":[{"embeddable":true,"href":"https:\/\/plenergy.pt\/en\/wp-json\/wp\/v2\/comments?post=15023"}],"version-history":[{"count":0,"href":"https:\/\/plenergy.pt\/en\/wp-json\/wp\/v2\/pages\/15023\/revisions"}],"wp:attachment":[{"href":"https:\/\/plenergy.pt\/en\/wp-json\/wp\/v2\/media?parent=15023"}],"curies":[{"name":"wp","href":"https:\/\/api.w.org\/{rel}","templated":true}]}}